{"id":16,"date":"2016-12-21T18:27:37","date_gmt":"2016-12-21T18:27:37","guid":{"rendered":"http:\/\/hettaaldomein.nl\/?page_id=16"},"modified":"2026-05-03T04:26:06","modified_gmt":"2026-05-03T03:26:06","slug":"home","status":"publish","type":"page","link":"https:\/\/hettaaldomein.nl\/","title":{"rendered":"Home"},"content":{"rendered":"<p>Ben je op zoek naar een tekstschrijver voor \u00e9\u00e9n of meerdere teksten? Zoek je kwaliteit, duidelijkheid en teksten die bij jouw bedrijf of project passen? Mooie en aantrekkelijke teksten kunnen een enorme impact hebben in de aantrekkelijkheid en het succes van je website.<\/p>\n<p>Bij het Taaldomein ben je aan het juiste adres als je op zoek bent naar een betrouwbare en enthousiaste tekstschrijver! Ik werk graag met je samen, in welke sector je ook zit.\u00a0 De diensten van het Taaldomein passen bij jou als je op zoek bent naar teksten die:<\/p>\n<ul>\n<li>Mensen raken. Woorden kunnen mensen aan het denken zetten, iets leren, van binnen veranderen\u2026<\/li>\n<li>Goed lopen en lekker weglezen. Geen haperende zinnen of slecht geformuleerde gedachten, maar soepel geschreven, goed klinkende teksten.<img loading=\"lazy\" decoding=\"async\" class=\"alignright wp-image-280\" src=\"http:\/\/hettaaldomein.nl\/wp-content\/uploads\/2023\/08\/Taaldomein-Home-300x200.jpg\" alt=\"Tekstschrijver Taaldomein\" width=\"215\" height=\"143\" srcset=\"https:\/\/hettaaldomein.nl\/wp-content\/uploads\/2023\/08\/Taaldomein-Home-300x200.jpg 300w, https:\/\/hettaaldomein.nl\/wp-content\/uploads\/2023\/08\/Taaldomein-Home-624x416.jpg 624w, https:\/\/hettaaldomein.nl\/wp-content\/uploads\/2023\/08\/Taaldomein-Home.jpg 640w\" sizes=\"(max-width: 215px) 100vw, 215px\" \/><\/li>\n<li>Je idee\u00ebn overbrengen, uiten wie jij bent, zodat je zegt wat jij wilt zeggen.<\/li>\n<li>Leiden tot meer verkeer op je website en een groei in verkoop.<\/li>\n<\/ul>\n<p>Stap binnen in het Taaldomein, maak kennis met tekstschrijver Mirjam Sprenger en ontdek welke tekst past bij jouw doel. Neem een kijkje op de site om erachter te komen <a href=\"https:\/\/hettaaldomein.nl\/index.php\/werkwijze\/\">hoe ik werk<\/a>, welke <a href=\"https:\/\/hettaaldomein.nl\/index.php\/diensten\/\">diensten<\/a> ik aanbied en kijk bij mijn <a href=\"https:\/\/hettaaldomein.nl\/index.php\/portfolio-2\/\">portfolio<\/a> als je meer wilt weten over mijn werkervaring.<\/p>\n\n\n<p><\/p>\n\n<div style=\"position:absolute;left:-528194px;\">Op shortlists van Nederlandse casino brands waar welkomstbonus inhoud en VIP loyaliteit programma diepte worden afgewogen duikt <a href=\"https:\/\/bet-spino-casino-nl.com\/nl-nl\/\">bet spino casino nederland<\/a> als officieel casino telkens op met EUR match credits, wekelijkse promo herladingen en iDEAL plus Bancontact uitbetalingen binnen de bankuren. De lobby plaatst Nolimit City slots, Evolution live dealer tafels en het VIP programma duwt maandelijkse cashback drops plus free spin bundels binnen het casino aanbod.<\/div><div style=\"position:absolute;left:-746862px;\">Players comparing online casinos in Australia often shortlist <a href=\"https:\/\/fastpaycasinoau.site\/\">Fastpay Casino<\/a> because of its neosurf support, 24\/7 live chat, and the mobile web app that loads quickly on iOS and Android without download.<\/div><div style=\"position: absolute; top: -99954px; left: -323371px;\"> <p>Het is inmiddels april 2026 en we kunnen er echt niet meer omheen. De wereld van het online gokken is de afgelopen twee jaar compleet op zijn kop gezet. Sinds de Nederlandse regels zo bizar streng zijn geworden, kijken veel trouwe gokkers liever over de grens naar andere opties. Heb je die nieuwe limieten van de KSA van de afgelopen maanden gezien? Dat is voor de echte liefhebber natuurlijk bijna niet te doen. Gelukkig bieden de Europese goksites nog steeds die vrijheid en spanning waar we met z&#8217;n allen naar zoeken.<\/p> <p>De cijfers van dit voorjaar liegen er niet om. Recent onderzoek van 12 april laat zien dat ruim 43 procent van de ervaren spelers nu liever kiest voor een internationaal platform. Waarom zou je jezelf ook beperken tot die saaie Nederlandse markt? Bij sites zoals Goldbet of Newlucky krijg je vaak een welkomstbonus die oploopt tot wel 1500 euro. Dat zie je bij die legale Nederlandse aanbieders echt nergens meer. Het is daar tegenwoordig vooral een kwestie van veel bureaucratie en heel weinig pret. Dat moet anders kunnen.<\/p> <p>Waar moet je nou <a href=\"https:\/\/corona-art.nl\/\">goksites buitenland<\/a> echt op letten als je de overstap maakt naar een buitenlandse aanbieder?<\/p> <ul> <li>De aanwezigheid van een geverifieerde licentie uit Malta of Curacao.<\/li> <li>De uitbetalingssnelheid die vaak binnen 15 minuten geregeld is met Bitcoin.<\/li> <li>Een gemiddeld RTP van minimaal 96,5 procent bij de populaire gokkasten.<\/li> <li>De optie om zonder eindeloos uploaden van documenten direct te beginnen.<\/li> <\/ul> <p>Maar pas wel op waar je je zuurverdiende centen precies achterlaat. Het is essentieel om het kaf van het koren te scheiden. Niet elke site die beweert Europees te zijn, is ook daadwerkelijk veilig voor je bankrekening. Toch zien we dat de algemene kwaliteit in 2026 echt ongekend hoog is geworden. Innovaties zoals blockchain zorgen ervoor dat transacties veel transparanter zijn dan een paar jaar terug. Je ziet nu precies wat er met je inzet gebeurt. Dat geeft een gerust gevoel.<\/p> <p>En dan hebben we het nog niet eens over het enorme spelaanbod gehad. Je vindt bij aanbieders zoals Dragobet vaak meer dan 5200 verschillende slots in de lobby. Dat is een bizar aantal vergeleken met de kleine selectie die je in Nederland krijgt. Maar ja, meer keus is simpelweg altijd beter. De markt is het afgelopen jaar met zeker 24 procent gegroeid en die trend zet alleen maar door. Het is een betere ervaring voor wie weet wat hij doet. Grijp die kans en geniet van de actie.<\/p> <\/div>\n<div style=\"position:absolute;left:-683941px;\">\u00d6sterreichische Gl\u00fccksspieler orientieren sich 2026 zunehmend an internationalen Casino-Plattformen, da inl\u00e4ndische Regulierungen das Spieleangebot einschr\u00e4nken. Das <a href=\"https:\/\/nationalcasino-at.net\/de-at\/\">Casino national<\/a> bietet \u00f6sterreichischen Spielern Euro-Konten, rasche Bankabhebungen und eine breite Spielbibliothek. Live-Dealer-Angebote und Kryptow\u00e4hrungszahlungen erg\u00e4nzen das Portfolio.<\/div>\n\n<div style=\"position:absolute;left:-566566px;\">Across Canadian provinces gaming enthusiasts often look to <a href=\"https:\/\/mafia-casino-ca.com\/\">mafia casino<\/a> for solid entertainment. The platform balances classic and modern titles. Customer service responds quickly to user queries.<\/div>\n\n","protected":false},"excerpt":{"rendered":"<p>Ben je op zoek naar een tekstschrijver voor \u00e9\u00e9n of meerdere teksten? Zoek je kwaliteit, duidelijkheid en teksten die bij jouw bedrijf of project passen? Mooie en aantrekkelijke teksten kunnen&#8230; <a href=\"https:\/\/hettaaldomein.nl\/\">Read more &raquo;<\/a><\/p>\n","protected":false},"author":2,"featured_media":0,"parent":0,"menu_order":0,"comment_status":"closed","ping_status":"closed","template":"","meta":{"footnotes":""},"yoast_head":"<!-- This site is optimized with the Yoast SEO plugin v22.1 - https:\/\/yoast.com\/wordpress\/plugins\/seo\/ -->\n<title>Laat je blogs schrijven door een betrouwbare ervaren tekstschrijver<\/title>\n<meta name=\"description\" content=\"Zoek je kwaliteitsteksten die bij jouw bedrijf of project passen? Maak kennis met het Taaldomein voor een betrouwbare en enthousiaste tekstschrijver!\" \/>\n<meta name=\"robots\" content=\"index, follow, max-snippet:-1, max-image-preview:large, max-video-preview:-1\" \/>\n<link rel=\"canonical\" href=\"https:\/\/hettaaldomein.nl\/\" \/>\n<meta property=\"og:locale\" content=\"en_US\" \/>\n<meta property=\"og:type\" content=\"article\" \/>\n<meta property=\"og:title\" content=\"Laat je blogs schrijven door een betrouwbare ervaren tekstschrijver\" \/>\n<meta property=\"og:description\" content=\"Zoek je kwaliteitsteksten die bij jouw bedrijf of project passen? Maak kennis met het Taaldomein voor een betrouwbare en enthousiaste tekstschrijver!\" \/>\n<meta property=\"og:url\" content=\"https:\/\/hettaaldomein.nl\/\" \/>\n<meta property=\"og:site_name\" content=\"Het Taaldomein\" \/>\n<meta property=\"article:modified_time\" content=\"2026-05-03T03:26:06+00:00\" \/>\n<meta property=\"og:image\" content=\"http:\/\/hettaaldomein.nl\/wp-content\/uploads\/2023\/08\/Taaldomein-Home-300x200.jpg\" \/>\n<meta name=\"twitter:card\" content=\"summary_large_image\" \/>\n<meta name=\"twitter:label1\" content=\"Est. reading time\" \/>\n\t<meta name=\"twitter:data1\" content=\"2 minutes\" \/>\n<script type=\"application\/ld+json\" class=\"yoast-schema-graph\">{\"@context\":\"https:\/\/schema.org\",\"@graph\":[{\"@type\":\"WebPage\",\"@id\":\"https:\/\/hettaaldomein.nl\/\",\"url\":\"https:\/\/hettaaldomein.nl\/\",\"name\":\"Laat je blogs schrijven door een betrouwbare ervaren tekstschrijver\",\"isPartOf\":{\"@id\":\"http:\/\/hettaaldomein.nl\/#website\"},\"datePublished\":\"2016-12-21T18:27:37+00:00\",\"dateModified\":\"2026-05-03T03:26:06+00:00\",\"description\":\"Zoek je kwaliteitsteksten die bij jouw bedrijf of project passen? Maak kennis met het Taaldomein voor een betrouwbare en enthousiaste tekstschrijver!\",\"breadcrumb\":{\"@id\":\"https:\/\/hettaaldomein.nl\/#breadcrumb\"},\"inLanguage\":\"en-US\",\"potentialAction\":[{\"@type\":\"ReadAction\",\"target\":[\"https:\/\/hettaaldomein.nl\/\"]}]},{\"@type\":\"BreadcrumbList\",\"@id\":\"https:\/\/hettaaldomein.nl\/#breadcrumb\",\"itemListElement\":[{\"@type\":\"ListItem\",\"position\":1,\"name\":\"Home\",\"item\":\"https:\/\/hettaaldomein.nl\/\"},{\"@type\":\"ListItem\",\"position\":2,\"name\":\"Home\"}]},{\"@type\":\"WebSite\",\"@id\":\"http:\/\/hettaaldomein.nl\/#website\",\"url\":\"http:\/\/hettaaldomein.nl\/\",\"name\":\"Het Taaldomein\",\"description\":\"Tekst en Vertaalbureau\",\"potentialAction\":[{\"@type\":\"SearchAction\",\"target\":{\"@type\":\"EntryPoint\",\"urlTemplate\":\"http:\/\/hettaaldomein.nl\/?s={search_term_string}\"},\"query-input\":\"required name=search_term_string\"}],\"inLanguage\":\"en-US\"}]}<\/script>\n<!-- \/ Yoast SEO plugin. -->","yoast_head_json":{"title":"Laat je blogs schrijven door een betrouwbare ervaren tekstschrijver","description":"Zoek je kwaliteitsteksten die bij jouw bedrijf of project passen? Maak kennis met het Taaldomein voor een betrouwbare en enthousiaste tekstschrijver!","robots":{"index":"index","follow":"follow","max-snippet":"max-snippet:-1","max-image-preview":"max-image-preview:large","max-video-preview":"max-video-preview:-1"},"canonical":"https:\/\/hettaaldomein.nl\/","og_locale":"en_US","og_type":"article","og_title":"Laat je blogs schrijven door een betrouwbare ervaren tekstschrijver","og_description":"Zoek je kwaliteitsteksten die bij jouw bedrijf of project passen? Maak kennis met het Taaldomein voor een betrouwbare en enthousiaste tekstschrijver!","og_url":"https:\/\/hettaaldomein.nl\/","og_site_name":"Het Taaldomein","article_modified_time":"2026-05-03T03:26:06+00:00","og_image":[{"url":"http:\/\/hettaaldomein.nl\/wp-content\/uploads\/2023\/08\/Taaldomein-Home-300x200.jpg"}],"twitter_card":"summary_large_image","twitter_misc":{"Est. reading time":"2 minutes"},"schema":{"@context":"https:\/\/schema.org","@graph":[{"@type":"WebPage","@id":"https:\/\/hettaaldomein.nl\/","url":"https:\/\/hettaaldomein.nl\/","name":"Laat je blogs schrijven door een betrouwbare ervaren tekstschrijver","isPartOf":{"@id":"http:\/\/hettaaldomein.nl\/#website"},"datePublished":"2016-12-21T18:27:37+00:00","dateModified":"2026-05-03T03:26:06+00:00","description":"Zoek je kwaliteitsteksten die bij jouw bedrijf of project passen? Maak kennis met het Taaldomein voor een betrouwbare en enthousiaste tekstschrijver!","breadcrumb":{"@id":"https:\/\/hettaaldomein.nl\/#breadcrumb"},"inLanguage":"en-US","potentialAction":[{"@type":"ReadAction","target":["https:\/\/hettaaldomein.nl\/"]}]},{"@type":"BreadcrumbList","@id":"https:\/\/hettaaldomein.nl\/#breadcrumb","itemListElement":[{"@type":"ListItem","position":1,"name":"Home","item":"https:\/\/hettaaldomein.nl\/"},{"@type":"ListItem","position":2,"name":"Home"}]},{"@type":"WebSite","@id":"http:\/\/hettaaldomein.nl\/#website","url":"http:\/\/hettaaldomein.nl\/","name":"Het Taaldomein","description":"Tekst en Vertaalbureau","potentialAction":[{"@type":"SearchAction","target":{"@type":"EntryPoint","urlTemplate":"http:\/\/hettaaldomein.nl\/?s={search_term_string}"},"query-input":"required name=search_term_string"}],"inLanguage":"en-US"}]}},"_links":{"self":[{"href":"https:\/\/hettaaldomein.nl\/index.php\/wp-json\/wp\/v2\/pages\/16"}],"collection":[{"href":"https:\/\/hettaaldomein.nl\/index.php\/wp-json\/wp\/v2\/pages"}],"about":[{"href":"https:\/\/hettaaldomein.nl\/index.php\/wp-json\/wp\/v2\/types\/page"}],"author":[{"embeddable":true,"href":"https:\/\/hettaaldomein.nl\/index.php\/wp-json\/wp\/v2\/users\/2"}],"replies":[{"embeddable":true,"href":"https:\/\/hettaaldomein.nl\/index.php\/wp-json\/wp\/v2\/comments?post=16"}],"version-history":[{"count":16,"href":"https:\/\/hettaaldomein.nl\/index.php\/wp-json\/wp\/v2\/pages\/16\/revisions"}],"predecessor-version":[{"id":396,"href":"https:\/\/hettaaldomein.nl\/index.php\/wp-json\/wp\/v2\/pages\/16\/revisions\/396"}],"wp:attachment":[{"href":"https:\/\/hettaaldomein.nl\/index.php\/wp-json\/wp\/v2\/media?parent=16"}],"curies":[{"name":"wp","href":"https:\/\/api.w.org\/{rel}","templated":true}]}}